{"id":96,"date":"2018-11-26T18:09:38","date_gmt":"2018-11-26T18:09:38","guid":{"rendered":"http:\/\/fotoart-weinboehla.de\/?page_id=96"},"modified":"2019-02-11T17:07:16","modified_gmt":"2019-02-11T17:07:16","slug":"heinz-ziessow","status":"publish","type":"page","link":"https:\/\/fotoart-weinboehla.de\/?page_id=96","title":{"rendered":"Heinz Zie\u00dfow"},"content":{"rendered":"<p>wohnhaft in Weinb\u00f6hla,<br \/>\nseit 2007 Mitglied im Fotoclub Weinb\u00f6hla<br \/>\nMeine bevorzugten Motive sind Sport, Landschaft, Makro, Menschen, Panorama und HDR-Fotografie.<br \/>\n(Heinz Zie\u00dfow)<\/p>\n\n","protected":false},"excerpt":{"rendered":"<p>wohnhaft in Weinb\u00f6hla, seit 2007 Mitglied im Fotoclub Weinb\u00f6hla Meine bevorzugten Motive sind Sport, Landschaft, Makro, Menschen, Panorama und HDR-Fotografie. (Heinz Zie\u00dfow)<\/p>\n","protected":false},"author":1,"featured_media":0,"parent":43,"menu_order":15,"comment_status":"closed","ping_status":"closed","template":"","meta":{"footnotes":""},"class_list":["post-96","page","type-page","status-publish","hentry"],"jetpack_sharing_enabled":true,"_links":{"self":[{"href":"https:\/\/fotoart-weinboehla.de\/index.php?rest_route=\/wp\/v2\/pages\/96","targetHints":{"allow":["GET"]}}],"collection":[{"href":"https:\/\/fotoart-weinboehla.de\/index.php?rest_route=\/wp\/v2\/pages"}],"about":[{"href":"https:\/\/fotoart-weinboehla.de\/index.php?rest_route=\/wp\/v2\/types\/page"}],"author":[{"embeddable":true,"href":"https:\/\/fotoart-weinboehla.de\/index.php?rest_route=\/wp\/v2\/users\/1"}],"replies":[{"embeddable":true,"href":"https:\/\/fotoart-weinboehla.de\/index.php?rest_route=%2Fwp%2Fv2%2Fcomments&post=96"}],"version-history":[{"count":4,"href":"https:\/\/fotoart-weinboehla.de\/index.php?rest_route=\/wp\/v2\/pages\/96\/revisions"}],"predecessor-version":[{"id":3548,"href":"https:\/\/fotoart-weinboehla.de\/index.php?rest_route=\/wp\/v2\/pages\/96\/revisions\/3548"}],"up":[{"embeddable":true,"href":"https:\/\/fotoart-weinboehla.de\/index.php?rest_route=\/wp\/v2\/pages\/43"}],"wp:attachment":[{"href":"https:\/\/fotoart-weinboehla.de\/index.php?rest_route=%2Fwp%2Fv2%2Fmedia&parent=96"}],"curies":[{"name":"wp","href":"https:\/\/api.w.org\/{rel}","templated":true}]}}