{"id":84,"date":"2018-11-26T17:59:49","date_gmt":"2018-11-26T17:59:49","guid":{"rendered":"http:\/\/fotoart-weinboehla.de\/?page_id=84"},"modified":"2021-11-07T18:53:44","modified_gmt":"2021-11-07T17:53:44","slug":"jens-steinbrecher-2","status":"publish","type":"page","link":"https:\/\/fotoart-weinboehla.de\/?page_id=84","title":{"rendered":"Jens Steinbrecher"},"content":{"rendered":"<p>Meine Ausr\u00fcstung besteht aus:<br \/>\nCanon EOS 5D Mark 2<br \/>\nCanon EOS 5D Mark 3<br \/>\nCanon EF 24 &#8211; 70 mm 1:2.8 L USM<br \/>\nSigma 70 &#8211; 200 mm 1:2.8 APO DG HSM<br \/>\nSigma 105 mm 1:2.8 DG Macro HSM<br \/>\nSigma 50 mm 1:1.4 DG Art<br \/>\nYongnuo YN 568 EX II<br \/>\nMetz 50 AF-1 digital<br \/>\n2 Studioblitze \/ Softboxen \/ Funkausl\u00f6ser<br \/>\nEin interessantes Hobby macht noch mehr Spa\u00df, wenn man sich mit anderen Fotografen trifft. Bei gemeinsamen Fototouren unterh\u00e4lt man sich \u00fcber Tricks und Tipps.<br \/>\n(Jens Steinbrecher)<\/p>\n<p>Mitglied im DVF<\/p>\n<div class='photonic-flickr-stream photonic-stream ' id='photonic-flickr-stream-1'>\n\n\t<div id='photonic-flickr-stream-1-container' class='title-display-tooltip photonic-level-1-container sizes-present photonic-random-layout photonic-thumbnail-effect-none' data-photonic-platform=\"flickr\" data-photonic-gallery-columns=\"auto\" data-photonic-query=\"columns=auto&amp;layout=random&amp;display=local&amp;popup=hide&amp;filter=&amp;filter_type=include&amp;more=&amp;panel=&amp;custom_classes=&amp;alignment=&amp;photo_layout=circle&amp;caption=title-desc&amp;thumb_size=q&amp;main_size=h&amp;tile_size=c&amp;video_size=Site MP4&amp;privacy_filter=&amp;count=500&amp;page=1&amp;paginate=&amp;collections_display=expanded&amp;user_id=30448052@N04&amp;collection_id=&amp;photoset_id=72157676114534318&amp;gallery_id=&amp;photo_id=&amp;media=photos&amp;type=flickr&amp;style=default&amp;view=photosets&amp;headers=&amp;iterate_level_3=1&amp;per_page=500&amp;photo_count=500&amp;overlay_size=q&amp;overlay_video_size=Site MP4\" style='--tile-min-height: 200px'>\n\t\t<figure class='photonic-level-1 photonic-thumb' style='--dw: 539;--dh: 800'>\n\t\t\t<a href='https:\/\/live.staticflickr.com\/7509\/15875771609_575dc83264_c.jpg' title='Jens-Steinbrecher-Balance name' rel='lightbox-photonic-flickr-stream-1' class='photonic-lb photonic-fancybox fancybox' data-fancybox=\"lightbox-photonic-flickr-stream-1\" data-photonic-media-type=\"image\" data-photonic-deep=\"gallery[photonic-flickr-set-1]\/15875771609\/\" data-title=\"&lt;a href=&#039;https:\/\/www.flickr.com\/photos\/30448052@N04\/15875771609\/in\/set-72157676114534318&#039; &gt;Jens-Steinbrecher-Balance name&lt;\/a&gt;\" data-photonic-tooltip=\"Jens-Steinbrecher-Balance name\">\n\t\t\t\t<img alt='Jens-Steinbrecher-Balance name' class='random' data-src='https:\/\/live.staticflickr.com\/7509\/15875771609_575dc83264_c.jpg' loading='lazy' width='539' height='800' \/>\n\t\t\t<\/a>\n\t\t<\/figure>\n\t\t<figure class='photonic-level-1 photonic-thumb' style='--dw: 800;--dh: 450'>\n\t\t\t<a href='https:\/\/live.staticflickr.com\/7882\/33124218758_3c711060a9_c.jpg' title='Warnem\u00fcnde blaue Stunde' rel='lightbox-photonic-flickr-stream-1' class='photonic-lb photonic-fancybox fancybox' data-fancybox=\"lightbox-photonic-flickr-stream-1\" data-photonic-media-type=\"image\" data-photonic-deep=\"gallery[photonic-flickr-set-1]\/33124218758\/\" data-title=\"&lt;a href=&#039;https:\/\/www.flickr.com\/photos\/30448052@N04\/33124218758\/in\/set-72157676114534318&#039; &gt;Warnem\u00fcnde blaue Stunde&lt;\/a&gt;\" data-photonic-tooltip=\"Warnem\u00fcnde blaue Stunde\">\n\t\t\t\t<img alt='Warnem\u00fcnde blaue Stunde' class='random' data-src='https:\/\/live.staticflickr.com\/7882\/33124218758_3c711060a9_c.jpg' loading='lazy' width='800' height='450' \/>\n\t\t\t<\/a>\n\t\t<\/figure>\n\t\t<figure class='photonic-level-1 photonic-thumb' style='--dw: 536;--dh: 800'>\n\t\t\t<a href='https:\/\/live.staticflickr.com\/7920\/33124218058_49cb757b72_c.jpg' title='Volleyball' rel='lightbox-photonic-flickr-stream-1' class='photonic-lb photonic-fancybox fancybox' data-fancybox=\"lightbox-photonic-flickr-stream-1\" data-photonic-media-type=\"image\" data-photonic-deep=\"gallery[photonic-flickr-set-1]\/33124218058\/\" data-title=\"&lt;a href=&#039;https:\/\/www.flickr.com\/photos\/30448052@N04\/33124218058\/in\/set-72157676114534318&#039; &gt;Volleyball&lt;\/a&gt;\" data-photonic-tooltip=\"Volleyball\">\n\t\t\t\t<img alt='Volleyball' class='random' data-src='https:\/\/live.staticflickr.com\/7920\/33124218058_49cb757b72_c.jpg' loading='lazy' width='536' height='800' \/>\n\t\t\t<\/a>\n\t\t<\/figure>\n\t\t<figure class='photonic-level-1 photonic-thumb' style='--dw: 535;--dh: 800'>\n\t\t\t<a href='https:\/\/live.staticflickr.com\/7895\/46275386694_c1498cc17c_c.jpg' title='Gl\u00fchbirne gro\u00df' rel='lightbox-photonic-flickr-stream-1' class='photonic-lb photonic-fancybox fancybox' data-fancybox=\"lightbox-photonic-flickr-stream-1\" data-photonic-media-type=\"image\" data-photonic-deep=\"gallery[photonic-flickr-set-1]\/46275386694\/\" data-title=\"&lt;a href=&#039;https:\/\/www.flickr.com\/photos\/30448052@N04\/46275386694\/in\/set-72157676114534318&#039; &gt;Gl\u00fchbirne gro\u00df&lt;\/a&gt;\" data-photonic-tooltip=\"Gl\u00fchbirne gro\u00df\">\n\t\t\t\t<img alt='Gl\u00fchbirne gro\u00df' class='random' data-src='https:\/\/live.staticflickr.com\/7895\/46275386694_c1498cc17c_c.jpg' loading='lazy' width='535' height='800' \/>\n\t\t\t<\/a>\n\t\t<\/figure>\n\t\t<figure class='photonic-level-1 photonic-thumb' style='--dw: 800;--dh: 533'>\n\t\t\t<a href='https:\/\/live.staticflickr.com\/7894\/46275387204_0bd230b99f_c.jpg' title='Z\u00fcndkerze S50' rel='lightbox-photonic-flickr-stream-1' class='photonic-lb photonic-fancybox fancybox' data-fancybox=\"lightbox-photonic-flickr-stream-1\" data-photonic-media-type=\"image\" data-photonic-deep=\"gallery[photonic-flickr-set-1]\/46275387204\/\" data-title=\"&lt;a href=&#039;https:\/\/www.flickr.com\/photos\/30448052@N04\/46275387204\/in\/set-72157676114534318&#039; &gt;Z\u00fcndkerze S50&lt;\/a&gt;\" data-photonic-tooltip=\"Z\u00fcndkerze S50\">\n\t\t\t\t<img alt='Z\u00fcndkerze S50' class='random' data-src='https:\/\/live.staticflickr.com\/7894\/46275387204_0bd230b99f_c.jpg' loading='lazy' width='800' height='533' \/>\n\t\t\t<\/a>\n\t\t<\/figure>\n\t\t<figure class='photonic-level-1 photonic-thumb' style='--dw: 533;--dh: 800'>\n\t\t\t<a href='https:\/\/live.staticflickr.com\/4884\/33124076648_f7836c5d81_c.jpg' title='Stielbruch' rel='lightbox-photonic-flickr-stream-1' class='photonic-lb photonic-fancybox fancybox' data-fancybox=\"lightbox-photonic-flickr-stream-1\" data-photonic-media-type=\"image\" data-photonic-deep=\"gallery[photonic-flickr-set-1]\/33124076648\/\" data-title=\"&lt;a href=&#039;https:\/\/www.flickr.com\/photos\/30448052@N04\/33124076648\/in\/set-72157676114534318&#039; &gt;Stielbruch&lt;\/a&gt;\" data-photonic-tooltip=\"Stielbruch\">\n\t\t\t\t<img alt='Stielbruch' class='random' data-src='https:\/\/live.staticflickr.com\/4884\/33124076648_f7836c5d81_c.jpg' loading='lazy' width='533' height='800' \/>\n\t\t\t<\/a>\n\t\t<\/figure>\n\n\t<\/div> <!-- .\/photonic-level-1-container -->\n\t<span id='photonic-flickr-stream-1-container-end'><\/span>\n<\/div><!-- .photonic-stream or .photonic-panel -->\n\n","protected":false},"excerpt":{"rendered":"<p>Meine Ausr\u00fcstung besteht aus: Canon EOS 5D Mark 2 Canon EOS 5D Mark 3 Canon EF 24 &#8211; 70 mm 1:2.8 L USM Sigma 70 &#8211; 200 mm 1:2.8 APO DG HSM Sigma 105 mm 1:2.8 DG Macro HSM Sigma 50 mm 1:1.4 DG Art Yongnuo YN 568 EX II Metz 50 AF-1 digital 2 &hellip; <a href=\"https:\/\/fotoart-weinboehla.de\/?page_id=84\" class=\"more-link\"><span class=\"screen-reader-text\">Jens Steinbrecher<\/span> weiterlesen<\/a><\/p>\n","protected":false},"author":1,"featured_media":0,"parent":43,"menu_order":24,"comment_status":"closed","ping_status":"closed","template":"","meta":{"footnotes":""},"class_list":["post-84","page","type-page","status-publish","hentry"],"jetpack_sharing_enabled":true,"_links":{"self":[{"href":"https:\/\/fotoart-weinboehla.de\/index.php?rest_route=\/wp\/v2\/pages\/84","targetHints":{"allow":["GET"]}}],"collection":[{"href":"https:\/\/fotoart-weinboehla.de\/index.php?rest_route=\/wp\/v2\/pages"}],"about":[{"href":"https:\/\/fotoart-weinboehla.de\/index.php?rest_route=\/wp\/v2\/types\/page"}],"author":[{"embeddable":true,"href":"https:\/\/fotoart-weinboehla.de\/index.php?rest_route=\/wp\/v2\/users\/1"}],"replies":[{"embeddable":true,"href":"https:\/\/fotoart-weinboehla.de\/index.php?rest_route=%2Fwp%2Fv2%2Fcomments&post=84"}],"version-history":[{"count":6,"href":"https:\/\/fotoart-weinboehla.de\/index.php?rest_route=\/wp\/v2\/pages\/84\/revisions"}],"predecessor-version":[{"id":3563,"href":"https:\/\/fotoart-weinboehla.de\/index.php?rest_route=\/wp\/v2\/pages\/84\/revisions\/3563"}],"up":[{"embeddable":true,"href":"https:\/\/fotoart-weinboehla.de\/index.php?rest_route=\/wp\/v2\/pages\/43"}],"wp:attachment":[{"href":"https:\/\/fotoart-weinboehla.de\/index.php?rest_route=%2Fwp%2Fv2%2Fmedia&parent=84"}],"curies":[{"name":"wp","href":"https:\/\/api.w.org\/{rel}","templated":true}]}}