{"id":4257,"date":"2020-11-29T17:15:33","date_gmt":"2020-11-29T16:15:33","guid":{"rendered":"http:\/\/fotoart-weinboehla.de\/?page_id=4257"},"modified":"2026-02-22T15:34:31","modified_gmt":"2026-02-22T14:34:31","slug":"fotoclub-weinboehla","status":"publish","type":"page","link":"https:\/\/fotoart-weinboehla.de\/","title":{"rendered":"Fotoclub Weinb\u00f6hla"},"content":{"rendered":"\r\n<div class='photonic-flickr-stream photonic-stream ' id='photonic-flickr-stream-1'>\n<div id='photonic-slideshow-flickr-1' class='photonic-slideshow splide default title-display-tooltip photonic-slideshow-adapt-height-width' data-splide='{&quot;type&quot;:&quot;loop&quot;,&quot;perPage&quot;:&quot;1&quot;,&quot;autoplay&quot;:true,&quot;interval&quot;:&quot;5000&quot;,&quot;speed&quot;:&quot;750&quot;,&quot;drag&quot;:true,&quot;pauseOnHover&quot;:true,&quot;pagination&quot;:false,&quot;slideFocus&quot;:false,&quot;arrows&quot;:false,&quot;direction&quot;:&quot;ltr&quot;,&quot;breakpoints&quot;:{&quot;480&quot;:{&quot;perPage&quot;:1}}}'>\n\t<div class='splide__track'>\n\t\t<ul class='photonic-slideshow-content splide__list'>\n\t\t\t<li class='photonic-slideshow-img splide__slide'>\n\t\t\t\t<div class='splide__slide__container'>\n\t\t\t\t<img src='https:\/\/live.staticflickr.com\/65535\/55110033764_f90cd769ce_c.jpg' alt='Andr\u00e9 Hensel - O' title='Andr\u00e9 Hensel - O' data-photonic-tooltip=\"Andr\u00e9 Hensel - O\" id='photonic-slideshow-flickr-1-55110033764' \/>\n\t\t\t\t<\/div>\n\t\t\t<\/li>\n\t\t\t<li class='photonic-slideshow-img splide__slide'>\n\t\t\t\t<div class='splide__slide__container'>\n\t\t\t\t<img src='https:\/\/live.staticflickr.com\/65535\/55110152935_2e8d87f895_c.jpg' alt='Andr\u00e9 Hensel - Durchblick' title='Andr\u00e9 Hensel - Durchblick' data-photonic-tooltip=\"Andr\u00e9 Hensel - Durchblick\" id='photonic-slideshow-flickr-1-55110152935' \/>\n\t\t\t\t<\/div>\n\t\t\t<\/li>\n\t\t\t<li class='photonic-slideshow-img splide__slide'>\n\t\t\t\t<div class='splide__slide__container'>\n\t\t\t\t<img src='https:\/\/live.staticflickr.com\/65535\/55109980028_5421ee7b07_c.jpg' alt='Bernd Ruhle - Glasvariation 5' title='Bernd Ruhle - Glasvariation 5' data-photonic-tooltip=\"Bernd Ruhle - Glasvariation 5\" id='photonic-slideshow-flickr-1-55109980028' \/>\n\t\t\t\t<\/div>\n\t\t\t<\/li>\n\t\t\t<li class='photonic-slideshow-img splide__slide'>\n\t\t\t\t<div class='splide__slide__container'>\n\t\t\t\t<img src='https:\/\/live.staticflickr.com\/65535\/55109773426_720bdc51e1_c.jpg' alt='Bernd Ruhle - Glas 6' title='Bernd Ruhle - Glas 6' data-photonic-tooltip=\"Bernd Ruhle - Glas 6\" id='photonic-slideshow-flickr-1-55109773426' \/>\n\t\t\t\t<\/div>\n\t\t\t<\/li>\n\t\t\t<li class='photonic-slideshow-img splide__slide'>\n\t\t\t\t<div class='splide__slide__container'>\n\t\t\t\t<img src='https:\/\/live.staticflickr.com\/65535\/55110033754_f3a9381d18_c.jpg' alt='Detlef Kurth - Zersprungen' title='Detlef Kurth - Zersprungen' data-photonic-tooltip=\"Detlef Kurth - Zersprungen\" id='photonic-slideshow-flickr-1-55110033754' \/>\n\t\t\t\t<\/div>\n\t\t\t<\/li>\n\t\t\t<li class='photonic-slideshow-img splide__slide'>\n\t\t\t\t<div class='splide__slide__container'>\n\t\t\t\t<img src='https:\/\/live.staticflickr.com\/65535\/55108886737_8305a7375f_c.jpg' alt='Detlef Kurth - Glaswand' title='Detlef Kurth - Glaswand' data-photonic-tooltip=\"Detlef Kurth - Glaswand\" id='photonic-slideshow-flickr-1-55108886737' \/>\n\t\t\t\t<\/div>\n\t\t\t<\/li>\n\t\t\t<li class='photonic-slideshow-img splide__slide'>\n\t\t\t\t<div class='splide__slide__container'>\n\t\t\t\t<img src='https:\/\/live.staticflickr.com\/65535\/55108886752_648d7bf27d_c.jpg' alt='Heinz Zie\u00dfow - Buntglas' title='Heinz Zie\u00dfow - Buntglas' data-photonic-tooltip=\"Heinz Zie\u00dfow - Buntglas\" id='photonic-slideshow-flickr-1-55108886752' \/>\n\t\t\t\t<\/div>\n\t\t\t<\/li>\n\t\t\t<li class='photonic-slideshow-img splide__slide'>\n\t\t\t\t<div class='splide__slide__container'>\n\t\t\t\t<img src='https:\/\/live.staticflickr.com\/65535\/55108886727_83c00838e2_c.jpg' alt='Heinz Zie\u00dfow - Umnebelt' title='Heinz Zie\u00dfow - Umnebelt' data-photonic-tooltip=\"Heinz Zie\u00dfow - Umnebelt\" id='photonic-slideshow-flickr-1-55108886727' \/>\n\t\t\t\t<\/div>\n\t\t\t<\/li>\n\t\t\t<li class='photonic-slideshow-img splide__slide'>\n\t\t\t\t<div class='splide__slide__container'>\n\t\t\t\t<img src='https:\/\/live.staticflickr.com\/65535\/55108886742_4ed8353ebc_c.jpg' alt='Helga Be\u0161ic\u00b4 - Glas 3' title='Helga Be\u0161ic\u00b4 - Glas 3' data-photonic-tooltip=\"Helga Be\u0161ic\u00b4 - Glas 3\" id='photonic-slideshow-flickr-1-55108886742' \/>\n\t\t\t\t<\/div>\n\t\t\t<\/li>\n\t\t\t<li class='photonic-slideshow-img splide__slide'>\n\t\t\t\t<div class='splide__slide__container'>\n\t\t\t\t<img src='https:\/\/live.staticflickr.com\/65535\/55110033744_5b48d71b88_c.jpg' alt='Henryk Hambsch - Glas in Reih und Glied' title='Henryk Hambsch - Glas in Reih und Glied' data-photonic-tooltip=\"Henryk Hambsch - Glas in Reih und Glied\" id='photonic-slideshow-flickr-1-55110033744' \/>\n\t\t\t\t<\/div>\n\t\t\t<\/li>\n\t\t\t<li class='photonic-slideshow-img splide__slide'>\n\t\t\t\t<div class='splide__slide__container'>\n\t\t\t\t<img src='https:\/\/live.staticflickr.com\/65535\/55110152815_92b00c60c0_c.jpg' alt='Ilona Kirchner - Trinkglas' title='Ilona Kirchner - Trinkglas' data-photonic-tooltip=\"Ilona Kirchner - Trinkglas\" id='photonic-slideshow-flickr-1-55110152815' \/>\n\t\t\t\t<\/div>\n\t\t\t<\/li>\n\t\t\t<li class='photonic-slideshow-img splide__slide'>\n\t\t\t\t<div class='splide__slide__container'>\n\t\t\t\t<img src='https:\/\/live.staticflickr.com\/65535\/55109979938_65d10d03f7_c.jpg' alt='Ilona Kirchner - Gestreift' title='Ilona Kirchner - Gestreift' data-photonic-tooltip=\"Ilona Kirchner - Gestreift\" id='photonic-slideshow-flickr-1-55109979938' \/>\n\t\t\t\t<\/div>\n\t\t\t<\/li>\n\t\t\t<li class='photonic-slideshow-img splide__slide'>\n\t\t\t\t<div class='splide__slide__container'>\n\t\t\t\t<img src='https:\/\/live.staticflickr.com\/65535\/55110033849_2c48f1b88d_c.jpg' alt='Ilona Kirchner - Lichterglanz' title='Ilona Kirchner - Lichterglanz' data-photonic-tooltip=\"Ilona Kirchner - Lichterglanz\" id='photonic-slideshow-flickr-1-55110033849' \/>\n\t\t\t\t<\/div>\n\t\t\t<\/li>\n\t\t\t<li class='photonic-slideshow-img splide__slide'>\n\t\t\t\t<div class='splide__slide__container'>\n\t\t\t\t<img src='https:\/\/live.staticflickr.com\/65535\/55109773161_0a7bbd5281_c.jpg' alt='Matthias Bohr - Geschliffen' title='Matthias Bohr - Geschliffen' data-photonic-tooltip=\"Matthias Bohr - Geschliffen\" id='photonic-slideshow-flickr-1-55109773161' \/>\n\t\t\t\t<\/div>\n\t\t\t<\/li>\n\t\t\t<li class='photonic-slideshow-img splide__slide'>\n\t\t\t\t<div class='splide__slide__container'>\n\t\t\t\t<img src='https:\/\/live.staticflickr.com\/65535\/55108886657_1195242fe5_c.jpg' alt='Matthias Bohr - Glaskugel 3' title='Matthias Bohr - Glaskugel 3' data-photonic-tooltip=\"Matthias Bohr - Glaskugel 3\" id='photonic-slideshow-flickr-1-55108886657' \/>\n\t\t\t\t<\/div>\n\t\t\t<\/li>\n\t\t\t<li class='photonic-slideshow-img splide__slide'>\n\t\t\t\t<div class='splide__slide__container'>\n\t\t\t\t<img src='https:\/\/live.staticflickr.com\/65535\/55109979908_f5a7e133cd_c.jpg' alt='Peter P\u00f6\u00dfnecker - Lik\u00f6r' title='Peter P\u00f6\u00dfnecker - Lik\u00f6r' data-photonic-tooltip=\"Peter P\u00f6\u00dfnecker - Lik\u00f6r\" id='photonic-slideshow-flickr-1-55109979908' \/>\n\t\t\t\t<\/div>\n\t\t\t<\/li>\n\t\t\t<li class='photonic-slideshow-img splide__slide'>\n\t\t\t\t<div class='splide__slide__container'>\n\t\t\t\t<img src='https:\/\/live.staticflickr.com\/65535\/55110033824_8771262571_c.jpg' alt='Ramona Pforte - Einblick' title='Ramona Pforte - Einblick' data-photonic-tooltip=\"Ramona Pforte - Einblick\" id='photonic-slideshow-flickr-1-55110033824' \/>\n\t\t\t\t<\/div>\n\t\t\t<\/li>\n\t\t\t<li class='photonic-slideshow-img splide__slide'>\n\t\t\t\t<div class='splide__slide__container'>\n\t\t\t\t<img src='https:\/\/live.staticflickr.com\/65535\/55109773261_719dbf4a8f_c.jpg' alt='Ramona Pforte - Glas 2-1' title='Ramona Pforte - Glas 2-1' data-photonic-tooltip=\"Ramona Pforte - Glas 2-1\" id='photonic-slideshow-flickr-1-55109773261' \/>\n\t\t\t\t<\/div>\n\t\t\t<\/li>\n\t\t\t<li class='photonic-slideshow-img splide__slide'>\n\t\t\t\t<div class='splide__slide__container'>\n\t\t\t\t<img src='https:\/\/live.staticflickr.com\/65535\/55109979888_7ede4b09b0_c.jpg' alt='Regina Ruhle-Haupt - Durchsicht' title='Regina Ruhle-Haupt - Durchsicht' data-photonic-tooltip=\"Regina Ruhle-Haupt - Durchsicht\" id='photonic-slideshow-flickr-1-55109979888' \/>\n\t\t\t\t<\/div>\n\t\t\t<\/li>\n\t\t\t<li class='photonic-slideshow-img splide__slide'>\n\t\t\t\t<div class='splide__slide__container'>\n\t\t\t\t<img src='https:\/\/live.staticflickr.com\/65535\/55108886587_d6ce419794_c.jpg' alt='Regina Ruhle-Haupt - Gespiegelt 1' title='Regina Ruhle-Haupt - Gespiegelt 1' data-photonic-tooltip=\"Regina Ruhle-Haupt - Gespiegelt 1\" id='photonic-slideshow-flickr-1-55108886587' \/>\n\t\t\t\t<\/div>\n\t\t\t<\/li>\n\t\t\t<li class='photonic-slideshow-img splide__slide'>\n\t\t\t\t<div class='splide__slide__container'>\n\t\t\t\t<img src='https:\/\/live.staticflickr.com\/65535\/55110152685_18e2666bd4_c.jpg' alt='Regina Ruhle-Haupt - Gespiegelt 2' title='Regina Ruhle-Haupt - Gespiegelt 2' data-photonic-tooltip=\"Regina Ruhle-Haupt - Gespiegelt 2\" id='photonic-slideshow-flickr-1-55110152685' \/>\n\t\t\t\t<\/div>\n\t\t\t<\/li>\n\t\t\t<li class='photonic-slideshow-img splide__slide'>\n\t\t\t\t<div class='splide__slide__container'>\n\t\t\t\t<img src='https:\/\/live.staticflickr.com\/65535\/55109773141_5d7b4a0bac_c.jpg' alt='Regina Ruhle-Haupt - Gespiegelt 3' title='Regina Ruhle-Haupt - Gespiegelt 3' data-photonic-tooltip=\"Regina Ruhle-Haupt - Gespiegelt 3\" id='photonic-slideshow-flickr-1-55109773141' \/>\n\t\t\t\t<\/div>\n\t\t\t<\/li>\n\t\t\t<li class='photonic-slideshow-img splide__slide'>\n\t\t\t\t<div class='splide__slide__container'>\n\t\t\t\t<img src='https:\/\/live.staticflickr.com\/65535\/55109773111_b4775f5b26_c.jpg' alt='Wilfried Teichmann - Bitte Merlot' title='Wilfried Teichmann - Bitte Merlot' data-photonic-tooltip=\"Wilfried Teichmann - Bitte Merlot\" id='photonic-slideshow-flickr-1-55109773111' \/>\n\t\t\t\t<\/div>\n\t\t\t<\/li>\n\t\t\t<li class='photonic-slideshow-img splide__slide'>\n\t\t\t\t<div class='splide__slide__container'>\n\t\t\t\t<img src='https:\/\/live.staticflickr.com\/65535\/55108886517_dbfaf22c06_c.jpg' alt='Wilfried Teichmann - Lichtspiel' title='Wilfried Teichmann - Lichtspiel' data-photonic-tooltip=\"Wilfried Teichmann - Lichtspiel\" id='photonic-slideshow-flickr-1-55108886517' \/>\n\t\t\t\t<\/div>\n\t\t\t<\/li>\n\t\t<\/ul>\n\t<\/div><!-- splide__track -->\n<\/div><!-- .photonic-slideshow-->\n<div id='photonic-slideshow-flickr-1-thumbs' class='photonic-slideshow-thumbs splide thumbnails js-thumbnails' data-splide='{&quot;fixedWidth&quot;:100,&quot;height&quot;:60,&quot;gap&quot;:10,&quot;cover&quot;:true,&quot;isNavigation&quot;:true,&quot;pagination&quot;:false,&quot;arrows&quot;:false,&quot;breakpoints&quot;:{&quot;600&quot;:{&quot;fixedWidth&quot;:66,&quot;height&quot;:40}}}'>\n\t<div class='splide__track'>\n\t<ul class='splide__list'>\n\t\t<li class='splide__slide'>\n\t\t\t<img src='https:\/\/live.staticflickr.com\/65535\/55110033764_f90cd769ce_q.jpg' alt=''>\n\t\t<\/li>\n\t\t<li class='splide__slide'>\n\t\t\t<img src='https:\/\/live.staticflickr.com\/65535\/55110152935_2e8d87f895_q.jpg' alt=''>\n\t\t<\/li>\n\t\t<li class='splide__slide'>\n\t\t\t<img src='https:\/\/live.staticflickr.com\/65535\/55109980028_5421ee7b07_q.jpg' alt=''>\n\t\t<\/li>\n\t\t<li class='splide__slide'>\n\t\t\t<img src='https:\/\/live.staticflickr.com\/65535\/55109773426_720bdc51e1_q.jpg' alt=''>\n\t\t<\/li>\n\t\t<li class='splide__slide'>\n\t\t\t<img src='https:\/\/live.staticflickr.com\/65535\/55110033754_f3a9381d18_q.jpg' alt=''>\n\t\t<\/li>\n\t\t<li class='splide__slide'>\n\t\t\t<img src='https:\/\/live.staticflickr.com\/65535\/55108886737_8305a7375f_q.jpg' alt=''>\n\t\t<\/li>\n\t\t<li class='splide__slide'>\n\t\t\t<img src='https:\/\/live.staticflickr.com\/65535\/55108886752_648d7bf27d_q.jpg' alt=''>\n\t\t<\/li>\n\t\t<li class='splide__slide'>\n\t\t\t<img src='https:\/\/live.staticflickr.com\/65535\/55108886727_83c00838e2_q.jpg' alt=''>\n\t\t<\/li>\n\t\t<li class='splide__slide'>\n\t\t\t<img src='https:\/\/live.staticflickr.com\/65535\/55108886742_4ed8353ebc_q.jpg' alt=''>\n\t\t<\/li>\n\t\t<li class='splide__slide'>\n\t\t\t<img src='https:\/\/live.staticflickr.com\/65535\/55110033744_5b48d71b88_q.jpg' alt=''>\n\t\t<\/li>\n\t\t<li class='splide__slide'>\n\t\t\t<img src='https:\/\/live.staticflickr.com\/65535\/55110152815_92b00c60c0_q.jpg' alt=''>\n\t\t<\/li>\n\t\t<li class='splide__slide'>\n\t\t\t<img src='https:\/\/live.staticflickr.com\/65535\/55109979938_65d10d03f7_q.jpg' alt=''>\n\t\t<\/li>\n\t\t<li class='splide__slide'>\n\t\t\t<img src='https:\/\/live.staticflickr.com\/65535\/55110033849_2c48f1b88d_q.jpg' alt=''>\n\t\t<\/li>\n\t\t<li class='splide__slide'>\n\t\t\t<img src='https:\/\/live.staticflickr.com\/65535\/55109773161_0a7bbd5281_q.jpg' alt=''>\n\t\t<\/li>\n\t\t<li class='splide__slide'>\n\t\t\t<img src='https:\/\/live.staticflickr.com\/65535\/55108886657_1195242fe5_q.jpg' alt=''>\n\t\t<\/li>\n\t\t<li class='splide__slide'>\n\t\t\t<img src='https:\/\/live.staticflickr.com\/65535\/55109979908_f5a7e133cd_q.jpg' alt=''>\n\t\t<\/li>\n\t\t<li class='splide__slide'>\n\t\t\t<img src='https:\/\/live.staticflickr.com\/65535\/55110033824_8771262571_q.jpg' alt=''>\n\t\t<\/li>\n\t\t<li class='splide__slide'>\n\t\t\t<img src='https:\/\/live.staticflickr.com\/65535\/55109773261_719dbf4a8f_q.jpg' alt=''>\n\t\t<\/li>\n\t\t<li class='splide__slide'>\n\t\t\t<img src='https:\/\/live.staticflickr.com\/65535\/55109979888_7ede4b09b0_q.jpg' alt=''>\n\t\t<\/li>\n\t\t<li class='splide__slide'>\n\t\t\t<img src='https:\/\/live.staticflickr.com\/65535\/55108886587_d6ce419794_q.jpg' alt=''>\n\t\t<\/li>\n\t\t<li class='splide__slide'>\n\t\t\t<img src='https:\/\/live.staticflickr.com\/65535\/55110152685_18e2666bd4_q.jpg' alt=''>\n\t\t<\/li>\n\t\t<li class='splide__slide'>\n\t\t\t<img src='https:\/\/live.staticflickr.com\/65535\/55109773141_5d7b4a0bac_q.jpg' alt=''>\n\t\t<\/li>\n\t\t<li class='splide__slide'>\n\t\t\t<img src='https:\/\/live.staticflickr.com\/65535\/55109773111_b4775f5b26_q.jpg' alt=''>\n\t\t<\/li>\n\t\t<li class='splide__slide'>\n\t\t\t<img src='https:\/\/live.staticflickr.com\/65535\/55108886517_dbfaf22c06_q.jpg' alt=''>\n\t\t<\/li>\n\t<\/ul>\n\t<\/div><!-- photonic-slideshow-thumbs -->\n<\/div>\n\n<\/div><!-- .photonic-stream or .photonic-panel -->\n\r\n<p>&nbsp;<\/p>\r\n<p>Der Fotoclub Weinb\u00f6hla hat sich im Jahre 2007 unter der Leitung des Fotodesigners J\u00f6rg B. Schubert gegr\u00fcndet.<br \/>Eine stetig wachsende Zahl an Fotofreunden aus der Region, die sich der Digitalfotografie verschrieben haben, geh\u00f6ren zu den Mitgliedern.<br \/>Neben den monatlichen Clubabenden im Gemeindezentrum von Weinb\u00f6hla, rechtes Seitengeb\u00e4ude, Zimmer 4,\u00a0 werden zahlreiche Exkursionen, Ausstellungen, Wettbewerbe und Workshops gemeinsam wahrgenommen.<\/p>\r\n<p>&nbsp;<\/p>\r\n<p>Interessenten sind bei uns stets gern gesehen und herzlich willkommen.<\/p>\r\n<p>\r\n\r\n<\/p>\r\n<p>\r\n\r\n<\/p>\r\n<p><\/p>","protected":false},"excerpt":{"rendered":"<p>&nbsp; Der Fotoclub Weinb\u00f6hla hat sich im Jahre 2007 unter der Leitung des Fotodesigners J\u00f6rg B. Schubert gegr\u00fcndet.Eine stetig wachsende Zahl an Fotofreunden aus der Region, die sich der Digitalfotografie verschrieben haben, geh\u00f6ren zu den Mitgliedern.Neben den monatlichen Clubabenden im Gemeindezentrum von Weinb\u00f6hla, rechtes Seitengeb\u00e4ude, Zimmer 4,\u00a0 werden zahlreiche Exkursionen, Ausstellungen, Wettbewerbe und Workshops gemeinsam &hellip; <a href=\"https:\/\/fotoart-weinboehla.de\/\" class=\"more-link\"><span class=\"screen-reader-text\">Fotoclub Weinb\u00f6hla<\/span> weiterlesen<\/a><\/p>\n","protected":false},"author":1,"featured_media":0,"parent":0,"menu_order":1,"comment_status":"closed","ping_status":"closed","template":"","meta":{"footnotes":""},"class_list":["post-4257","page","type-page","status-publish","hentry"],"jetpack_sharing_enabled":true,"_links":{"self":[{"href":"https:\/\/fotoart-weinboehla.de\/index.php?rest_route=\/wp\/v2\/pages\/4257","targetHints":{"allow":["GET"]}}],"collection":[{"href":"https:\/\/fotoart-weinboehla.de\/index.php?rest_route=\/wp\/v2\/pages"}],"about":[{"href":"https:\/\/fotoart-weinboehla.de\/index.php?rest_route=\/wp\/v2\/types\/page"}],"author":[{"embeddable":true,"href":"https:\/\/fotoart-weinboehla.de\/index.php?rest_route=\/wp\/v2\/users\/1"}],"replies":[{"embeddable":true,"href":"https:\/\/fotoart-weinboehla.de\/index.php?rest_route=%2Fwp%2Fv2%2Fcomments&post=4257"}],"version-history":[{"count":48,"href":"https:\/\/fotoart-weinboehla.de\/index.php?rest_route=\/wp\/v2\/pages\/4257\/revisions"}],"predecessor-version":[{"id":5515,"href":"https:\/\/fotoart-weinboehla.de\/index.php?rest_route=\/wp\/v2\/pages\/4257\/revisions\/5515"}],"wp:attachment":[{"href":"https:\/\/fotoart-weinboehla.de\/index.php?rest_route=%2Fwp%2Fv2%2Fmedia&parent=4257"}],"curies":[{"name":"wp","href":"https:\/\/api.w.org\/{rel}","templated":true}]}}