{"id":14,"date":"2018-07-01T16:15:01","date_gmt":"2018-07-01T15:15:01","guid":{"rendered":"http:\/\/fotoart-weinboehla.de\/?page_id=14"},"modified":"2020-12-01T10:57:58","modified_gmt":"2020-12-01T09:57:58","slug":"kontakt","status":"publish","type":"page","link":"https:\/\/fotoart-weinboehla.de\/?page_id=14","title":{"rendered":"Kontakt"},"content":{"rendered":"<p>Fotoclub Weinb\u00f6hla<\/p>\n<p><a href=\"mailto:info@fotoart-weinboehla.de\">info@fotoart-weinboehla.de<\/a><\/p>\n<p>Rathaus Weinb\u00f6hla<br \/>\nFriedensstr. 2<br \/>\n01689 Weinb\u00f6hla<\/p>\n","protected":false},"excerpt":{"rendered":"<p>Fotoclub Weinb\u00f6hla info@fotoart-weinboehla.de Rathaus Weinb\u00f6hla Friedensstr. 2 01689 Weinb\u00f6hla<\/p>\n","protected":false},"author":1,"featured_media":0,"parent":4257,"menu_order":28,"comment_status":"closed","ping_status":"closed","template":"","meta":{"footnotes":""},"class_list":["post-14","page","type-page","status-publish","hentry"],"jetpack_sharing_enabled":true,"_links":{"self":[{"href":"https:\/\/fotoart-weinboehla.de\/index.php?rest_route=\/wp\/v2\/pages\/14","targetHints":{"allow":["GET"]}}],"collection":[{"href":"https:\/\/fotoart-weinboehla.de\/index.php?rest_route=\/wp\/v2\/pages"}],"about":[{"href":"https:\/\/fotoart-weinboehla.de\/index.php?rest_route=\/wp\/v2\/types\/page"}],"author":[{"embeddable":true,"href":"https:\/\/fotoart-weinboehla.de\/index.php?rest_route=\/wp\/v2\/users\/1"}],"replies":[{"embeddable":true,"href":"https:\/\/fotoart-weinboehla.de\/index.php?rest_route=%2Fwp%2Fv2%2Fcomments&post=14"}],"version-history":[{"count":10,"href":"https:\/\/fotoart-weinboehla.de\/index.php?rest_route=\/wp\/v2\/pages\/14\/revisions"}],"predecessor-version":[{"id":3473,"href":"https:\/\/fotoart-weinboehla.de\/index.php?rest_route=\/wp\/v2\/pages\/14\/revisions\/3473"}],"up":[{"embeddable":true,"href":"https:\/\/fotoart-weinboehla.de\/index.php?rest_route=\/wp\/v2\/pages\/4257"}],"wp:attachment":[{"href":"https:\/\/fotoart-weinboehla.de\/index.php?rest_route=%2Fwp%2Fv2%2Fmedia&parent=14"}],"curies":[{"name":"wp","href":"https:\/\/api.w.org\/{rel}","templated":true}]}}